{"id":57170,"date":"2021-05-04T00:46:21","date_gmt":"2021-05-03T22:46:21","guid":{"rendered":"https:\/\/botiga.entrenuvols.com\/botiga\/sin%20categor\u00eda\/advance-sigma-11\/"},"modified":"2021-09-02T16:53:22","modified_gmt":"2021-09-02T14:53:22","slug":"advance-sigma-11","status":"publish","type":"product","link":"https:\/\/botiga.entrenuvols.com\/es\/tienda\/material-de-vuelo\/velas-es\/rendimiento-es\/en-c-es\/advance-sigma-11\/","title":{"rendered":"Advance Sigma 11"},"content":{"rendered":"<h1>Sigma 11<\/h1>\n<h2>XC ambicioso<\/h2>\n<p>Una vez m\u00e1s, la SIGMA 11 se encuentra entre las alas de mejor rendimiento en la categor\u00eda C. La nueva ala deportiva demuestra una precisi\u00f3n de pilotaje excepcional en vuelo y una gran estabilidad de cabeceo.<\/p>\n<p>Se puede recurrir a su rendimiento excepcional en cualquier momento, incluso en condiciones dif\u00edciles. Completan el producto la \u00faltima tecnolog\u00eda, como miniribs cosidas y un eficiente sistema de control C. Gracias a una estructura interna significativamente mejorada, el SIGMA 11 ya no necesita C-Wire, lo que lo hace a\u00fan m\u00e1s f\u00e1cil de plegar. El lanzamiento al mercado se llevar\u00e1 a cabo a tiempo para la pr\u00f3xima temporada cruzada en la primavera de 2021.<\/p>\n\n<table class=\"table table-striped\">\n<thead>\n<tr>\n<th>SIGMA 11<\/th>\n<th><\/th>\n<th>20<\/th>\n<th>22<\/th>\n<th>24<\/th>\n<th>26<\/th>\n<th>28<\/th>\n<\/tr>\n<\/thead>\n<tbody>\n<tr>\n<th>Flat surface<\/th>\n<td>m2<\/td>\n<td>20.4<\/td>\n<td>22.0<\/td>\n<td>23.6<\/td>\n<td>25.5<\/td>\n<td>27.4<\/td>\n<\/tr>\n<tr>\n<th>Projected surface<\/th>\n<td>m2<\/td>\n<td>17.4<\/td>\n<td>18.8<\/td>\n<td>20.1<\/td>\n<td>21.7<\/td>\n<td>23.3<\/td>\n<\/tr>\n<tr>\n<th>Ideal weight range<\/th>\n<td>kg<\/td>\n<td>65-75<\/td>\n<td>75-85<\/td>\n<td>85-97<\/td>\n<td>97-110<\/td>\n<td>110-125<\/td>\n<\/tr>\n<tr>\n<th>Certified takeoff weight<\/th>\n<td>kg<\/td>\n<td>60-77<\/td>\n<td>70-88<\/td>\n<td>80-100<\/td>\n<td>92-114<\/td>\n<td>105-128<\/td>\n<\/tr>\n<tr>\n<th>Glider weight<\/th>\n<td>kg<\/td>\n<td>4.00<\/td>\n<td>4.20<\/td>\n<td>4.45<\/td>\n<td>4.75<\/td>\n<td>5.05<\/td>\n<\/tr>\n<tr>\n<th>Span<\/th>\n<td>m<\/td>\n<td>11.13<\/td>\n<td>11.56<\/td>\n<td>11.97<\/td>\n<td>12.45<\/td>\n<td>12.90<\/td>\n<\/tr>\n<tr>\n<th>Projected span<\/th>\n<td>m<\/td>\n<td>8.87<\/td>\n<td>9.17<\/td>\n<td>9.49<\/td>\n<td>9.87<\/td>\n<td>10.23<\/td>\n<\/tr>\n<tr>\n<th>Aspect ratio<\/th>\n<td><\/td>\n<td>6.07<\/td>\n<td>6.07<\/td>\n<td>6.07<\/td>\n<td>6.07<\/td>\n<td>6.07<\/td>\n<\/tr>\n<tr>\n<th>Projected aspect ratio<\/th>\n<td><\/td>\n<td>4.48<\/td>\n<td>4.48<\/td>\n<td>4.48<\/td>\n<td>4.48<\/td>\n<td>4.48<\/td>\n<\/tr>\n<tr>\n<th>Max. chord<\/th>\n<td>m<\/td>\n<td>2.30<\/td>\n<td>2.39<\/td>\n<td>2.47<\/td>\n<td>2.57<\/td>\n<td>2.66<\/td>\n<\/tr>\n<tr>\n<th>Number of cells<\/th>\n<td><\/td>\n<td>65<\/td>\n<td>65<\/td>\n<td>65<\/td>\n<td>65<\/td>\n<td>65<\/td>\n<\/tr>\n<tr>\n<th>Certification<\/th>\n<td><\/td>\n<td>C<\/td>\n<td>C<\/td>\n<td>C<\/td>\n<td>C<\/td>\n<td>C<\/td>\n<\/tr>\n<\/tbody>\n<\/table>\n\n\n<table class=\"table table-striped\">\n<tbody>\n<tr>\n<th>Leading edge<\/th>\n<td>Skytex 38 universal, 39 g\/m2<\/td>\n<\/tr>\n<tr>\n<th>Upper surface<\/th>\n<td>Skytex 32 universal, 32 g\/m2<\/td>\n<\/tr>\n<tr>\n<th>Lower surface<\/th>\n<td>Skytex 32 universal, 32 g\/m2<\/td>\n<\/tr>\n<tr>\n<th>Designstripe<\/th>\n<td>Skytex 32 universal, 32 g\/m2<\/td>\n<\/tr>\n<tr>\n<th>Profiles<\/th>\n<td>Skytex 40 hard finish, 40 g\/m2<\/td>\n<\/tr>\n<tr>\n<th>Unsuspended profiles<\/th>\n<td>Skytex 32 hard finish, 33 g\/m2<\/td>\n<\/tr>\n<tr>\n<th>Main lines<\/th>\n<td>A-8001-230, -130, -190<\/td>\n<\/tr>\n<tr>\n<th>Galery lines<\/th>\n<td>A-8001-130, -090, -070, -050<\/td>\n<\/tr>\n<tr>\n<th>Brake lines<\/th>\n<td>A-8001-070, -050<\/td>\n<\/tr>\n<tr>\n<th>Steering lines<\/th>\n<td>A-8001-190, A-7850-240<\/td>\n<\/tr>\n<tr>\n<th>Quick links<\/th>\n<td>MR Delta 3.5mm \/ S12<\/td>\n<\/tr>\n<tr>\n<th>Risers<\/th>\n<td>PES\/Technora 12mm<\/td>\n<\/tr>\n<\/tbody>\n<\/table>\n\n<div id=\"attachment_57124\" style=\"width: 910px\" class=\"wp-caption aligncenter\"><img loading=\"lazy\" decoding=\"async\" aria-describedby=\"caption-attachment-57124\" class=\"size-full wp-image-57126\" src=\"https:\/\/botiga.entrenuvols.com\/wp-content\/uploads\/sites\/5\/2021\/05\/talles_Sigma11.png\" alt=\"Advance Sigma 11\" width=\"900\" height=\"262\" srcset=\"https:\/\/botiga.entrenuvols.com\/wp-content\/uploads\/sites\/5\/2021\/05\/talles_Sigma11.png 900w, https:\/\/botiga.entrenuvols.com\/wp-content\/uploads\/sites\/5\/2021\/05\/talles_Sigma11-300x87.png 300w, https:\/\/botiga.entrenuvols.com\/wp-content\/uploads\/sites\/5\/2021\/05\/talles_Sigma11-768x224.png 768w, https:\/\/botiga.entrenuvols.com\/wp-content\/uploads\/sites\/5\/2021\/05\/talles_Sigma11-103x30.png 103w, https:\/\/botiga.entrenuvols.com\/wp-content\/uploads\/sites\/5\/2021\/05\/talles_Sigma11-206x60.png 206w, https:\/\/botiga.entrenuvols.com\/wp-content\/uploads\/sites\/5\/2021\/05\/talles_Sigma11-280x82.png 280w, https:\/\/botiga.entrenuvols.com\/wp-content\/uploads\/sites\/5\/2021\/05\/talles_Sigma11-600x175.png 600w\" sizes=\"auto, (max-width: 900px) 100vw, 900px\" \/><p id=\"caption-attachment-57124\" class=\"wp-caption-text\">Talles Advance Sigma 11<\/p><\/div>\n","protected":false},"excerpt":{"rendered":"<p>Una vez m\u00e1s, la SIGMA 11 se encuentra entre las alas de mejor rendimiento en la categor\u00eda C. La nueva ala deportiva demuestra una precisi\u00f3n de pilotaje excepcional en vuelo y una gran estabilidad de cabeceo.<\/p>\n","protected":false},"featured_media":57144,"comment_status":"open","ping_status":"closed","template":"","meta":[],"product_brand":[],"product_cat":[350],"product_tag":[],"class_list":{"0":"post-57170","1":"product","2":"type-product","3":"status-publish","4":"has-post-thumbnail","6":"product_cat-en-c-es","7":"product_shipping_class-5-10kg-es","8":"yith_product_brand-advance-es","10":"first","11":"onbackorder","12":"sale","13":"taxable","14":"shipping-taxable","15":"purchasable","16":"product-type-variable","17":"prodpage-style2"},"exclude_global_add_ons":[],"addons":[],"_links":{"self":[{"href":"https:\/\/botiga.entrenuvols.com\/es\/wp-json\/wp\/v2\/product\/57170","targetHints":{"allow":["GET"]}}],"collection":[{"href":"https:\/\/botiga.entrenuvols.com\/es\/wp-json\/wp\/v2\/product"}],"about":[{"href":"https:\/\/botiga.entrenuvols.com\/es\/wp-json\/wp\/v2\/types\/product"}],"replies":[{"embeddable":true,"href":"https:\/\/botiga.entrenuvols.com\/es\/wp-json\/wp\/v2\/comments?post=57170"}],"wp:featuredmedia":[{"embeddable":true,"href":"https:\/\/botiga.entrenuvols.com\/es\/wp-json\/wp\/v2\/media\/57144"}],"wp:attachment":[{"href":"https:\/\/botiga.entrenuvols.com\/es\/wp-json\/wp\/v2\/media?parent=57170"}],"wp:term":[{"taxonomy":"product_brand","embeddable":true,"href":"https:\/\/botiga.entrenuvols.com\/es\/wp-json\/wp\/v2\/product_brand?post=57170"},{"taxonomy":"product_cat","embeddable":true,"href":"https:\/\/botiga.entrenuvols.com\/es\/wp-json\/wp\/v2\/product_cat?post=57170"},{"taxonomy":"product_tag","embeddable":true,"href":"https:\/\/botiga.entrenuvols.com\/es\/wp-json\/wp\/v2\/product_tag?post=57170"}],"curies":[{"name":"wp","href":"https:\/\/api.w.org\/{rel}","templated":true}]}}