{"id":54415,"date":"2020-10-21T11:05:48","date_gmt":"2020-10-21T09:05:48","guid":{"rendered":"https:\/\/botiga.entrenuvols.com\/botiga\/sin%20categor\u00eda\/supair-access-2-bump\/"},"modified":"2024-07-27T10:37:10","modified_gmt":"2024-07-27T08:37:10","slug":"supair-access-2-bump","status":"publish","type":"product","link":"https:\/\/botiga.entrenuvols.com\/es\/tienda\/material-de-vuelo\/sillas-2-es\/ocio\/supair-access-2-bump\/","title":{"rendered":"Supair ACCESS 2 BUMP"},"content":{"rendered":"<h1>ACCESS 2 BUMP<\/h1>\n<h3>SEGURA, EFICAZ Y ROBUSTA<\/h3>\n<h4>Silla de escuela pensada para pilotos en las fases de aprendizaje y progresi\u00f3n que buscan su primera silla as\u00ed como las escuelas que busquen una silla segura y robusta que permita disfrutar del Vuelo Libre.<\/h4>\n<p>La silla Supair ACCESS es una de las sillas m\u00e1s usadas en el mundo por pilotos y escuelas para la fase de aprendizaje y progresi\u00f3n. Gracias a los comentarios de pilotos e instructores se ha actualizado la silla para mejorar la seguridad, durabilidad y manejabilidad tanto en vuelo como en tierra.<\/p>\n<p>Cambios:<\/p>\n<ul>\n<li>Contenedor de paraca\u00eddas de doble pasador<\/li>\n<li>Nueva protecci\u00f3n<\/li>\n<li>Guiado acelerador<\/li>\n<li>Alojamiento acelerador<\/li>\n<li>Bolsillo lateral con cremallera<\/li>\n<li>Alojamiento r\u00e1dio ampliado y reforzado<\/li>\n<li>Protecci\u00f3n de la cinta ventral y perneras<\/li>\n<li>Nuevo dise\u00f1o<\/li>\n<li>Talla XL<\/li>\n<\/ul>\n<p>No hace falta preocuparse por el dilema de ligereza vs longevidad: mantiene la construcci\u00f3n robusta con la Cordura m\u00e1s resistente pero pesa menos que la primera generaci\u00f3n de sillas ACCESS. S\u00f3lo tienes que escoger la versi\u00f3n: espuma o airbag.<\/p>\n<hr \/>\n<p><img loading=\"lazy\" decoding=\"async\" class=\"wp-image-54377\" src=\"https:\/\/botiga.entrenuvols.com\/wp-content\/uploads\/sites\/5\/2020\/10\/A2B_Safety_Update-300x169.jpg\" alt=\"SUPAIR ACCESS 2 BUMP\" width=\"800\" height=\"450\" srcset=\"https:\/\/botiga.entrenuvols.com\/wp-content\/uploads\/sites\/5\/2020\/10\/A2B_Safety_Update-300x169.jpg 300w, https:\/\/botiga.entrenuvols.com\/wp-content\/uploads\/sites\/5\/2020\/10\/A2B_Safety_Update-1024x576.jpg 1024w, https:\/\/botiga.entrenuvols.com\/wp-content\/uploads\/sites\/5\/2020\/10\/A2B_Safety_Update-768x432.jpg 768w, https:\/\/botiga.entrenuvols.com\/wp-content\/uploads\/sites\/5\/2020\/10\/A2B_Safety_Update-53x30.jpg 53w, https:\/\/botiga.entrenuvols.com\/wp-content\/uploads\/sites\/5\/2020\/10\/A2B_Safety_Update-107x60.jpg 107w, https:\/\/botiga.entrenuvols.com\/wp-content\/uploads\/sites\/5\/2020\/10\/A2B_Safety_Update-280x158.jpg 280w, https:\/\/botiga.entrenuvols.com\/wp-content\/uploads\/sites\/5\/2020\/10\/A2B_Safety_Update-1170x658.jpg 1170w, https:\/\/botiga.entrenuvols.com\/wp-content\/uploads\/sites\/5\/2020\/10\/A2B_Safety_Update-600x338.jpg 600w, https:\/\/botiga.entrenuvols.com\/wp-content\/uploads\/sites\/5\/2020\/10\/A2B_Safety_Update.jpg 1200w\" sizes=\"auto, (max-width: 800px) 100vw, 800px\" \/><\/p>\n<h5><strong>A \u2013 CONTENEDOR DE PARACA\u00cdDAS<br \/><\/strong><strong>B \u2013 BOLSILLO DORSAL<br \/>C \u2013 BUMPAIR<\/strong><\/h5>\n<hr \/>\n<h3>CARACTERISTICAS:<\/h3>\n<h4>PILOTAJE<\/h4>\n<ul>\n<li>Iniciaci\u00f3n y progresi\u00f3n<\/li>\n<li>Posici\u00f3n de vuelo erguida<\/li>\n<\/ul>\n<h4>SEGURIDAD<\/h4>\n<ul>\n<li>Protecci\u00f3n Bumpair optimizada<\/li>\n<li>Paraca\u00eddas dorsal (doble pasador)<\/li>\n<li>Nuevo cierre de la T de seguridad<\/li>\n<li>MiniBump entre paraca\u00eddas y espalda<\/li>\n<li>Mosquetones autom\u00e1ticos de 45mm<\/li>\n<li>Cierres de 25mm de acero inox.<\/li>\n<\/ul>\n<h4>EQUIPAMIENTO \/ CONFORT<\/h4>\n<ul>\n<li>Lateral envolvente<\/li>\n<li>Nuevas poleas y guiado del acelerador<\/li>\n<li>Cintas ventrales y perneras con protecci\u00f3n de espuma<\/li>\n<li>Bolsillo de radio integrada<\/li>\n<\/ul>\n<h4>ALMACENAMIENTO<\/h4>\n<ul>\n<li>Bolsillo dorsal<\/li>\n<li>Bolsillos laterales con cremallera<\/li>\n<li>Bolsillo para radio en la hombrera derecha<\/li>\n<li>Alojamiento para acelerador bajo la tabla<\/li>\n<\/ul>\n<h4>AJUSTES<\/h4>\n<ul>\n<li>Longitud hombreras<\/li>\n<li>Inclinaci\u00f3n de la espalda<\/li>\n<li>Ancho ventral<\/li>\n<li>Longitud perneras<\/li>\n<\/ul>\n<h4>MATERIALES<\/h4>\n<ul>\n<li>Nylon 210D Ripstop<\/li>\n<li>Cordura 500D<\/li>\n<\/ul>\n<h4>CERTIFICACI\u00d3N<\/h4>\n<ul>\n<li>Norm LTF<\/li>\n<li>Norm EN<\/li>\n<\/ul>\n<hr \/>\n<h3>MEDIDAS<\/h3>\n<p><img loading=\"lazy\" decoding=\"async\" class=\"size-full wp-image-54380\" src=\"https:\/\/botiga.entrenuvols.com\/wp-content\/uploads\/sites\/5\/2020\/10\/mesure_harnesses.jpg\" alt=\"SUPAIR ACCESS 2 BUMB\" width=\"560\" height=\"238\" srcset=\"https:\/\/botiga.entrenuvols.com\/wp-content\/uploads\/sites\/5\/2020\/10\/mesure_harnesses.jpg 560w, https:\/\/botiga.entrenuvols.com\/wp-content\/uploads\/sites\/5\/2020\/10\/mesure_harnesses-300x128.jpg 300w, https:\/\/botiga.entrenuvols.com\/wp-content\/uploads\/sites\/5\/2020\/10\/mesure_harnesses-71x30.jpg 71w, https:\/\/botiga.entrenuvols.com\/wp-content\/uploads\/sites\/5\/2020\/10\/mesure_harnesses-141x60.jpg 141w, https:\/\/botiga.entrenuvols.com\/wp-content\/uploads\/sites\/5\/2020\/10\/mesure_harnesses-280x119.jpg 280w\" sizes=\"auto, (max-width: 560px) 100vw, 560px\" \/> \n<table class=\"table table-striped\" class=\"table table-bordered table-striped\">\n<thead>\n<tr>\n<th>\u00a0<\/th>\n<th>\u00a0<\/th>\n<th>S<\/th>\n<th>M<\/th>\n<th>L<\/th>\n<th>XL<\/th>\n<\/tr>\n<\/thead>\n<tbody>\n<tr>\n<td>\u00a0<\/td>\n<td>Altura piloto (cm)<\/td>\n<td>155 \/ 170<\/td>\n<td>170 \/ 185<\/td>\n<td>180 \/ 195<\/td>\n<td>190 \/ 205<\/td>\n<\/tr>\n<tr>\n<td>\u00a0<\/td>\n<td>Peso piloto (min \u2013 max) (kg)<\/td>\n<td>55 \u2013 75<\/td>\n<td>65 \u2013 85<\/td>\n<td>70 \u2013 100<\/td>\n<td>80 \u2013 110<\/td>\n<\/tr>\n<tr>\n<td>\u00a0<\/td>\n<td>Peso silla (g)<\/td>\n<td>4135<\/td>\n<td>4225<\/td>\n<td>4385<\/td>\n<td>TBA<\/td>\n<\/tr>\n<tr>\n<td>A<\/td>\n<td>Longitud espalda (cm)<\/td>\n<td>62<\/td>\n<td>68<\/td>\n<td>73<\/td>\n<td>TBA<\/td>\n<\/tr>\n<tr>\n<td>B<\/td>\n<td>Longitud zona apoyo espalda (cm)<\/td>\n<td>31<\/td>\n<td>34<\/td>\n<td>38<\/td>\n<td>TBA<\/td>\n<\/tr>\n<tr>\n<td>C<\/td>\n<td>Longitud asiento (cm)<\/td>\n<td>46<\/td>\n<td>48<\/td>\n<td>53<\/td>\n<td>TBA<\/td>\n<\/tr>\n<tr>\n<td>D<\/td>\n<td>Ancho asiento (cm)<\/td>\n<td>34<\/td>\n<td>36<\/td>\n<td>38<\/td>\n<td>TBA<\/td>\n<\/tr>\n<tr>\n<td>E<\/td>\n<td>Altura mosquetones (cm)<\/td>\n<td>43<\/td>\n<td>45<\/td>\n<td>47<\/td>\n<td>TBA<\/td>\n<\/tr>\n<tr>\n<td>F<\/td>\n<td>Distancia entre mosquetones (cm)<\/td>\n<td>36 \u2013 46<\/td>\n<td>36 \u2013 46<\/td>\n<td>36 \u2013 49<\/td>\n<td>TBA<\/td>\n<\/tr>\n<\/tbody>\n<\/table>\n\n<div class=\"span6 \">\n<h4>ENTREGA:<\/h4>\n<h5><strong>La silla se entrega con los siguientes accessorios:<\/strong><\/h5>\n<ul>\n<li>Tabla de Polipropileno<\/li>\n<li>Mosquetones autom\u00e1ticos de 45mm<\/li>\n<li>Anilla de paraca\u00eddas \u00abAC2\u00bb<\/li>\n<li>Bumpair \u00abAB2\u00bb<\/li>\n<li>Mini-Bump 2<\/li>\n<li>Manual de usuario<\/li>\n<\/ul>\n<\/div>\n","protected":false},"excerpt":{"rendered":"<p>Silla de escuela pensada para pilotos en las fases de aprendizaje y progresi\u00f3n que buscan su primera silla as\u00ed como las escuelas que busquen una silla segura y robusta que permita disfrutar del Vuelo Libre.<\/p>\n","protected":false},"featured_media":54387,"comment_status":"open","ping_status":"closed","template":"","meta":[],"product_brand":[],"product_cat":[527,3884],"product_tag":[1240,787,3532],"class_list":{"0":"post-54415","1":"product","2":"type-product","3":"status-publish","4":"has-post-thumbnail","6":"product_cat-ocio","7":"product_cat-ofertas","8":"product_tag-access-es","9":"product_tag-silla","10":"product_tag-supair-2-es","11":"product_shipping_class-5-10kg-es","12":"yith_product_brand-supair-es","14":"first","15":"outofstock","16":"sale","17":"taxable","18":"shipping-taxable","19":"purchasable","20":"product-type-variable","21":"prodpage-style2"},"exclude_global_add_ons":[],"addons":[],"_links":{"self":[{"href":"https:\/\/botiga.entrenuvols.com\/es\/wp-json\/wp\/v2\/product\/54415","targetHints":{"allow":["GET"]}}],"collection":[{"href":"https:\/\/botiga.entrenuvols.com\/es\/wp-json\/wp\/v2\/product"}],"about":[{"href":"https:\/\/botiga.entrenuvols.com\/es\/wp-json\/wp\/v2\/types\/product"}],"replies":[{"embeddable":true,"href":"https:\/\/botiga.entrenuvols.com\/es\/wp-json\/wp\/v2\/comments?post=54415"}],"wp:featuredmedia":[{"embeddable":true,"href":"https:\/\/botiga.entrenuvols.com\/es\/wp-json\/wp\/v2\/media\/54387"}],"wp:attachment":[{"href":"https:\/\/botiga.entrenuvols.com\/es\/wp-json\/wp\/v2\/media?parent=54415"}],"wp:term":[{"taxonomy":"product_brand","embeddable":true,"href":"https:\/\/botiga.entrenuvols.com\/es\/wp-json\/wp\/v2\/product_brand?post=54415"},{"taxonomy":"product_cat","embeddable":true,"href":"https:\/\/botiga.entrenuvols.com\/es\/wp-json\/wp\/v2\/product_cat?post=54415"},{"taxonomy":"product_tag","embeddable":true,"href":"https:\/\/botiga.entrenuvols.com\/es\/wp-json\/wp\/v2\/product_tag?post=54415"}],"curies":[{"name":"wp","href":"https:\/\/api.w.org\/{rel}","templated":true}]}}