{"id":23097,"date":"2018-09-13T11:46:51","date_gmt":"2018-09-13T09:46:51","guid":{"rendered":"https:\/\/botiga.entrenuvols.com\/botiga\/sin categorizar\/nervures-kailash-talla-m\/"},"modified":"2021-06-23T17:51:22","modified_gmt":"2021-06-23T15:51:22","slug":"nervures-kailash-talla-m","status":"publish","type":"product","link":"https:\/\/botiga.entrenuvols.com\/es\/tienda\/ocasion\/parapentes\/rendimiento\/en-c-es-2\/nervures-kailash-talla-m\/","title":{"rendered":"Nervures Kailash talla M (80-100kg)"},"content":{"rendered":"<h1 class=\"premier_produit\">XC and Adventure<\/h1>\n<h2>Ka\u00eflash<\/h2>\n<p>The Ka\u00eflash is an accessible sport wing, fun and exciting. It combines outstanding performance with the best safety level. Glide ratio and top speed put it ahead of the pack in its category. There is no hesitation at take-off. In flight the controls are precise but it can also be flown at low speed. In thermals it cuts through while coring. The perfectly balanced yaw and the precise turn allow intuitive coring. Its speed makes it an efficient wing during head wind transitions. The long travel of the accelerator allows competitive and useable top speeds. The flat polar shows good performance with speed bar on. In strong conditions, the Ka\u00eflash has sound behaviour allowing the pilot to go through turbulence without tiring himself out.<\/p>\n<h1 class=\"premier\">Technical Data<\/h1>\n<table summary=\"technical data\">\n<tbody>\n<tr>\n<td class=\"tdtitre\" colspan=\"4\">Technical Caracteristics &amp; Performance<\/td>\n<\/tr>\n<tr>\n<td>Model<\/td>\n<td>S<\/td>\n<td>M<\/td>\n<td>L<\/td>\n<\/tr>\n<tr>\n<td>Area (m\u00b2)<\/td>\n<td>23.9<\/td>\n<td>26.1<\/td>\n<td>28.5<\/td>\n<\/tr>\n<tr>\n<td>Span (m)<\/td>\n<td>11.89<\/td>\n<td>12.2<\/td>\n<td>12.75<\/td>\n<\/tr>\n<tr>\n<td>Aspect ratio<\/td>\n<td>5.65<\/td>\n<td>5.65<\/td>\n<td>5.65<\/td>\n<\/tr>\n<tr>\n<td>Take Off weight (kg)<\/td>\n<td>65-85<\/td>\n<td>80-100<\/td>\n<td>95-120<\/td>\n<\/tr>\n<tr>\n<td>Optimum weight (kg)<\/td>\n<td>75<\/td>\n<td>92<\/td>\n<td>107<\/td>\n<\/tr>\n<tr>\n<td class=\"tdtitre\" colspan=\"4\">Performance for best in flight weight measured around 1000 m altitude<\/td>\n<\/tr>\n<tr>\n<td>Vitesse maximale acc\u00e9l\u00e9r\u00e9e (\u00b1 2 km\/h)<\/td>\n<td>57<\/td>\n<td>57<\/td>\n<td>57<\/td>\n<\/tr>\n<tr>\n<td>Maximum Speed hands up (\u00b12km\/h)<\/td>\n<td>40<\/td>\n<td>40<\/td>\n<td>40<\/td>\n<\/tr>\n<tr>\n<td>Vitesse minimale (d\u00e9crochage) (\u00b1 2 km\/h)<\/td>\n<td>23<\/td>\n<td>23<\/td>\n<td>23<\/td>\n<\/tr>\n<tr>\n<td>Weight including risers (kg)<\/td>\n<td>~5.00<\/td>\n<td>5.56<\/td>\n<td>~5.90<\/td>\n<\/tr>\n<tr>\n<td>Weight Kailash Bivouac including light risers (kg)<\/td>\n<td>3.9<\/td>\n<td>4.25<\/td>\n<td>4.6<\/td>\n<\/tr>\n<\/tbody>\n<\/table>\n<h2>Certification<\/h2>\n<p>Homologu\u00e9e \u00e0 la nouvelle norme EN 926-2 2006.<br \/>\nUne majorit\u00e9 de A qualifient la voile, quelques C sont obtenus sur les man\u0153uvres les plus extr\u00eames.<\/p>\n<h2>Weight Advices<\/h2>\n<p><em>Nous conseillons de voler les Ka\u00eflash \/ Ka\u00eflash Bivouac en milieu de fourchette, cette aile naturellement rapide et maniable n&#8217;a pas besoin d&#8217;\u00eatre charg\u00e9e en haut de fourchette. <\/em><\/p>\n<h1>Construction<\/h1>\n<h2>El\u00e9vateurs<\/h2>\n<p>Les \u00e9l\u00e9vateurs sangle sont r\u00e9alis\u00e9s dans une sangle de 15mm tr\u00e8s stable et l\u00e9g\u00e8re.<br \/>\nLe meilleur accastillage a \u00e9t\u00e9 s\u00e9lectionn\u00e9 :<\/p>\n<ul>\n<li>maillons rapides inox diam\u00e8tre 3.5mm \u00abP\u00e9guet\u00bb,<\/li>\n<li>drisse d&#8217;acc\u00e9l\u00e9rateur tress\u00e9e surdimensionn\u00e9e,<\/li>\n<li>croc fendu d&#8217;acc\u00e9l\u00e9rateur alu \u00abCharly\u00bb mont\u00e9 \u00e9pissur\u00e9 sur la drisse.<\/li>\n<\/ul>\n<p>Les poign\u00e9es de commande ont fait l&#8217;objet d&#8217;une attention particuli\u00e8re, d&#8217;un concept et de mat\u00e9riaux innovants, elles sont ergonomiques, particuli\u00e8rement confortables en vol, tout en restant l\u00e9g\u00e8res.<\/p>\n<p>La Ka\u00eflash Bivouac est propos\u00e9e en \u00e9l\u00e9vateurs drisse Dyneema nou\u00e9s aux suspentes par des t\u00eates d&#8217;alouettes. L&#8217;avantage est la compacit\u00e9 et la l\u00e9g\u00e8ret\u00e9. L&#8217;inconv\u00e9nient majeur est que le remplacement d&#8217;une suspente n\u00e9cessite le d\u00e9montage de l&#8217;\u00e9l\u00e9vateur. Cette op\u00e9ration est donc moins imm\u00e9diate que si la voile est gr\u00e9\u00e9e sur un \u00e9l\u00e9vateur sangle standard. Choisir les \u00e9l\u00e9vateurs sangle standard au lieu des drisses augmente le weight de la voile de 225 grammes (\u00e9l\u00e9vateurs plus maillons)<\/p>\n<h2>The Lines<\/h2>\n<p>Les Ka\u00eflash \/ Ka\u00eflash Bivouac sont \u00e9quip\u00e9es d&#8217;un suspentage novateur r\u00e9sultant des derni\u00e8res recherches d&#8217; \u00abEdelrid\u00bb: Le suspentage bas est r\u00e9alis\u00e9 en Dyneema pr\u00e9 \u00e9tir\u00e9 \u00e0 chaud et gain\u00e9 d&#8217;une gaine fine, la stabilit\u00e9 dimensionnelle est excellente et le gain en train\u00e9e significatif.<br \/>\nLa Ka\u00eflash Bivouac est propos\u00e9e en suspentage d\u00e9gain\u00e9 en partie haute et freins. Prendre un suspentage haut gain\u00e9 augmente le weight de la Ka\u00eflash Bivouac de 100 grammes en taille M.<\/p>\n<h2>Canopy<\/h2>\n<p>La voilure pr\u00e9sente le syst\u00e8me Nervures d&#8217;intrados en V qui permet une excellente tenue des profils non suspent\u00e9s tout en maintenant le weight de voilure au plus bas. Des cloisons diagonales compl\u00e8tent la transmission des efforts. Les renforts de points d&#8217;ancrages sont rentr\u00e9s dans la voilure pour optimiser la train\u00e9e et les contraintes sont r\u00e9parties sur les nervures porteuses par des mylars pour une long\u00e9vit\u00e9 maximale. La qualit\u00e9 d&#8217;assemblage est sign\u00e9e Nervures: double coutures, ourlets int\u00e9rieurs, gallon de bord de fuite&#8230;<br \/>\nNous avons s\u00e9lectionn\u00e9 les meilleurs tissus \u00abPorcher Sport\u00bb et panachons les qualit\u00e9s pour une l\u00e9g\u00e8ret\u00e9 optimale sans concession sur la long\u00e9vit\u00e9.<\/p>\n<h5>Ka\u00eflash<\/h5>\n<ul>\n<li>extrados en Skytex 40 trait\u00e9 d\u00e9perlant,<\/li>\n<li>cloisons porteuses en Skytex 45 classic,tissu tr\u00e8s stable dans le biais,<\/li>\n<li>intrados en Skytex 36 classic (9017 E68A), tissu haut de gamme assez l\u00e9ger (36g) que nous utilisons sur nos versions standard depuis 1999.<\/li>\n<\/ul>\n<p>Nous ma\u00eetrisons parfaitement la mise en \u0153uvre de cet assortiment de tissu qui donne une voilure plut\u00f4t l\u00e9g\u00e8re en version standard, tr\u00e8s durable et stable au vieillissement.<\/p>\n<h5>Ka\u00eflash Bivouac<\/h5>\n<ul>\n<li>bord d&#8217;attaque en Skytex 40 trait\u00e9 d\u00e9perlant,<\/li>\n<li>extrados en Skytex 27, tissu haut de gamme hyper l\u00e9ger que nous avons d\u00e9velopp\u00e9 avec Porcher,<\/li>\n<li>cloisons porteuses en Skytex 45 classic,tissu tr\u00e8s stable dans le biais,<\/li>\n<li>les cloisons diagonales et les non porteuses sont en Skytex 27 pour optimiser le weight,<\/li>\n<li>intrados en Skytex 27 lui aussi.<\/li>\n<\/ul>\n<p>Nous ma\u00eetrisons parfaitement la mise en \u0153uvre de cet assortiment de tissu qui donne une voilure extr\u00eamement l\u00e9g\u00e8re sans rien conc\u00e9der \u00e0 la durabilit\u00e9 en conditions de vol normales.<\/p>\n<h2><\/h2>\n","protected":false},"excerpt":{"rendered":"<p>Vela de rendimiento DHV-2 (EN-C) con 5 horas de vuelo, completamente nueva!<\/p>\n","protected":false},"featured_media":21867,"comment_status":"open","ping_status":"closed","template":"","meta":[],"product_brand":[],"product_cat":[592],"product_tag":[1324,1389,908,809,187,193,902],"class_list":{"0":"post-23097","1":"product","2":"type-product","3":"status-publish","4":"has-post-thumbnail","6":"product_cat-en-c-es-2","7":"product_tag-en-c-es","8":"product_tag-kailash-es","9":"product_tag-m-es","10":"product_tag-nervures-es","11":"product_tag-parapent-es","12":"product_tag-rendimiento","13":"product_tag-vela-es","14":"product_shipping_class-5-10kg-es","15":"yith_product_brand-nervures-es","17":"first","18":"outofstock","19":"taxable","20":"shipping-taxable","21":"purchasable","22":"product-type-simple","23":"prodpage-style2"},"exclude_global_add_ons":[],"addons":[],"_links":{"self":[{"href":"https:\/\/botiga.entrenuvols.com\/es\/wp-json\/wp\/v2\/product\/23097","targetHints":{"allow":["GET"]}}],"collection":[{"href":"https:\/\/botiga.entrenuvols.com\/es\/wp-json\/wp\/v2\/product"}],"about":[{"href":"https:\/\/botiga.entrenuvols.com\/es\/wp-json\/wp\/v2\/types\/product"}],"replies":[{"embeddable":true,"href":"https:\/\/botiga.entrenuvols.com\/es\/wp-json\/wp\/v2\/comments?post=23097"}],"wp:featuredmedia":[{"embeddable":true,"href":"https:\/\/botiga.entrenuvols.com\/es\/wp-json\/wp\/v2\/media\/21867"}],"wp:attachment":[{"href":"https:\/\/botiga.entrenuvols.com\/es\/wp-json\/wp\/v2\/media?parent=23097"}],"wp:term":[{"taxonomy":"product_brand","embeddable":true,"href":"https:\/\/botiga.entrenuvols.com\/es\/wp-json\/wp\/v2\/product_brand?post=23097"},{"taxonomy":"product_cat","embeddable":true,"href":"https:\/\/botiga.entrenuvols.com\/es\/wp-json\/wp\/v2\/product_cat?post=23097"},{"taxonomy":"product_tag","embeddable":true,"href":"https:\/\/botiga.entrenuvols.com\/es\/wp-json\/wp\/v2\/product_tag?post=23097"}],"curies":[{"name":"wp","href":"https:\/\/api.w.org\/{rel}","templated":true}]}}